{"id":7,"date":"2019-09-04T09:48:51","date_gmt":"2019-09-04T09:48:51","guid":{"rendered":"https:\/\/www.saaregaas.ee\/?page_id=7"},"modified":"2024-12-05T09:19:49","modified_gmt":"2024-12-05T09:19:49","slug":"gaasid","status":"publish","type":"page","link":"https:\/\/www.saaregaas.ee\/?page_id=7","title":{"rendered":"Vedelgaas"},"content":{"rendered":"\n<style type=\"text\/css\" data-created_by=\"avia_inline_auto\" id=\"style-css-av-4a3f-a9a6c0be50429ac6300ddb7f751e1622\">\n.flex_column.av-4a3f-a9a6c0be50429ac6300ddb7f751e1622{\nborder-radius:0px 0px 0px 0px;\npadding:0px 0px 0px 0px;\n}\n<\/style>\n<div  class='flex_column av-4a3f-a9a6c0be50429ac6300ddb7f751e1622 av_one_full  avia-builder-el-0  el_before_av_one_fifth  avia-builder-el-first  first flex_column_div av-zero-column-padding  '     ><section  class='av_textblock_section av-l95coqlu-9566a1779947704e9dc6876c3aadf5e5 '   itemscope=\"itemscope\" itemtype=\"https:\/\/schema.org\/CreativeWork\" ><div class='avia_textblock'  itemprop=\"text\" ><p>Saare Gaas O\u00dc\u00a0 pakub oma klientidele vedelgaasi erinevas suuruses balloonides. Vedelgaasi t\u00e4idetakse nii nurkventiil &#8211; kui ka kiir\u00fchendusega balloonidesse. Saadaval on ka t\u00f5stukitele m\u00f5eldud balloonid mootorvedelgaasile.<\/p>\n<\/div><\/section><\/div>\n\n<style type=\"text\/css\" data-created_by=\"avia_inline_auto\" id=\"style-css-av-5web-84504be721e391ae7c27c694dfa4d312\">\n.flex_column.av-5web-84504be721e391ae7c27c694dfa4d312{\nborder-radius:0px 0px 0px 0px;\npadding:0px 0px 0px 0px;\n}\n<\/style>\n<div  class='flex_column av-5web-84504be721e391ae7c27c694dfa4d312 av_one_fifth  avia-builder-el-2  el_after_av_one_full  el_before_av_one_fifth  first flex_column_div av-zero-column-padding  column-top-margin'     ><section  class='av_textblock_section av-l95d00tu-219db5502545c094f2ba8d120e46e6b8 '   itemscope=\"itemscope\" itemtype=\"https:\/\/schema.org\/CreativeWork\" ><div class='avia_textblock'  itemprop=\"text\" ><p><img loading=\"lazy\" decoding=\"async\" class=\"alignnone size-full wp-image-302\" src=\"https:\/\/www.saaregaas.ee\/wp-content\/uploads\/2024\/12\/17kg-balloon.png\" alt=\"\" width=\"90\" height=\"265\" \/><\/p>\n<p>Balloon: 41L\/17KG<br \/>\nK\u00f5rgus: 790mm<br \/>\nDiameeter: 300mm<br \/>\nGaasi kaal: 17kg<br \/>\n\u00dchendus: nurkventiil<\/p>\n<\/div><\/section><\/div>\n\n<style type=\"text\/css\" data-created_by=\"avia_inline_auto\" id=\"style-css-av-2zmn-c65f687eb9f1ef8d4e7c0f64572ba65b\">\n.flex_column.av-2zmn-c65f687eb9f1ef8d4e7c0f64572ba65b{\nborder-radius:0px 0px 0px 0px;\npadding:0px 0px 0px 0px;\n}\n<\/style>\n<div  class='flex_column av-2zmn-c65f687eb9f1ef8d4e7c0f64572ba65b av_one_fifth  avia-builder-el-4  el_after_av_one_fifth  el_before_av_one_fifth  flex_column_div av-zero-column-padding  column-top-margin'     ><section  class='av_textblock_section av-m4b2w116-d65a18bf10e164eb73ebb7a258a539f2 '   itemscope=\"itemscope\" itemtype=\"https:\/\/schema.org\/CreativeWork\" ><div class='avia_textblock'  itemprop=\"text\" ><p><img loading=\"lazy\" decoding=\"async\" class=\"alignnone size-full wp-image-306\" src=\"https:\/\/www.saaregaas.ee\/wp-content\/uploads\/2024\/12\/11kg-balloon.png\" alt=\"\" width=\"90\" height=\"265\" \/><\/p>\n<p>Balloon: 27L\/11KG<br \/>\nK\u00f5rgus: 570mm<br \/>\nDiameeter: 300mm<br \/>\nGaasi kaal: 11kg<br \/>\n\u00dchendus: nurkventiil<\/p>\n<\/div><\/section><\/div>\n\n<style type=\"text\/css\" data-created_by=\"avia_inline_auto\" id=\"style-css-av-6scb-9d8df6cec22e407202bd7389eb586d64\">\n.flex_column.av-6scb-9d8df6cec22e407202bd7389eb586d64{\nborder-radius:0px 0px 0px 0px;\npadding:0px 0px 0px 0px;\n}\n<\/style>\n<div  class='flex_column av-6scb-9d8df6cec22e407202bd7389eb586d64 av_one_fifth  avia-builder-el-6  el_after_av_one_fifth  el_before_av_one_fifth  flex_column_div av-zero-column-padding  column-top-margin'     ><section  class='av_textblock_section av-m4b2y6yg-8a4c54ee23737b68d54852266bf07d76 '   itemscope=\"itemscope\" itemtype=\"https:\/\/schema.org\/CreativeWork\" ><div class='avia_textblock'  itemprop=\"text\" ><p><img loading=\"lazy\" decoding=\"async\" class=\"alignnone size-full wp-image-311\" src=\"https:\/\/www.saaregaas.ee\/wp-content\/uploads\/2024\/12\/11kg-click-1.png\" alt=\"\" width=\"90\" height=\"265\" \/><\/p>\n<p>Balloon: 27L\/11KG<br \/>\nK\u00f5rgus: 570mm<br \/>\nDiameeter: 300mm<br \/>\nGaasi kaal: 11kg<br \/>\n\u00dchendus: kiir\u00fchendus<\/p>\n<\/div><\/section><\/div>\n\n<style type=\"text\/css\" data-created_by=\"avia_inline_auto\" id=\"style-css-av-lxx-03bc4feb7213650cdf70206f3c1615b6\">\n.flex_column.av-lxx-03bc4feb7213650cdf70206f3c1615b6{\nborder-radius:0px 0px 0px 0px;\npadding:0px 0px 0px 0px;\n}\n<\/style>\n<div  class='flex_column av-lxx-03bc4feb7213650cdf70206f3c1615b6 av_one_fifth  avia-builder-el-8  el_after_av_one_fifth  el_before_av_one_fifth  flex_column_div av-zero-column-padding  column-top-margin'     ><section  class='av_textblock_section av-m4b2wrdu-bf1c4e586236f1d28f8f9085a94348cd '   itemscope=\"itemscope\" itemtype=\"https:\/\/schema.org\/CreativeWork\" ><div class='avia_textblock'  itemprop=\"text\" ><p><img loading=\"lazy\" decoding=\"async\" class=\"alignnone size-medium wp-image-317\" src=\"https:\/\/www.saaregaas.ee\/wp-content\/uploads\/2024\/12\/5kg-balloon.png\" alt=\"\" width=\"90\" height=\"265\" \/><\/p>\n<p>Balloon: 12L\/5KG<br \/>\nK\u00f5rgus: 790mm<br \/>\nDiameeter: 300mm<br \/>\nGaasi kaal: 5kg<br \/>\n\u00dchendus: nurkventiil<\/p>\n<\/div><\/section><\/div>\n<style type=\"text\/css\" data-created_by=\"avia_inline_auto\" id=\"style-css-av-2qnl-65e5284f4282045b5bc046ba931dd649\">\n.flex_column.av-2qnl-65e5284f4282045b5bc046ba931dd649{\nborder-radius:0px 0px 0px 0px;\npadding:0px 0px 0px 0px;\n}\n<\/style>\n<div  class='flex_column av-2qnl-65e5284f4282045b5bc046ba931dd649 av_one_fifth  avia-builder-el-10  el_after_av_one_fifth  el_before_av_one_fifth  flex_column_div av-zero-column-padding  column-top-margin'     ><section  class='av_textblock_section av-m4b2xiab-db916fe653a85f9f88037c280aaed0c0 '   itemscope=\"itemscope\" itemtype=\"https:\/\/schema.org\/CreativeWork\" ><div class='avia_textblock'  itemprop=\"text\" ><p><img loading=\"lazy\" decoding=\"async\" class=\"alignnone size-full wp-image-315\" src=\"https:\/\/www.saaregaas.ee\/wp-content\/uploads\/2024\/12\/5kg-click.png\" alt=\"\" width=\"90\" height=\"265\" \/><\/p>\n<p>Balloon: 12L\/5KG<br \/>\nK\u00f5rgus: 370mm<br \/>\nDiameeter: 300mm<br \/>\nGaasi kaal: 5kg<br \/>\n\u00dchendus: kiir\u00fchendus<\/p>\n<\/div><\/section><\/div><\/p>\n\n<style type=\"text\/css\" data-created_by=\"avia_inline_auto\" id=\"style-css-av-4i4b-1b9eb7568ec8fdf3b9b1b7d70ef539b6\">\n.flex_column.av-4i4b-1b9eb7568ec8fdf3b9b1b7d70ef539b6{\nborder-radius:0px 0px 0px 0px;\npadding:0px 0px 0px 0px;\n}\n<\/style>\n<div  class='flex_column av-4i4b-1b9eb7568ec8fdf3b9b1b7d70ef539b6 av_one_fifth  avia-builder-el-12  el_after_av_one_fifth  el_before_av_one_fifth  first flex_column_div av-zero-column-padding  column-top-margin'     ><section  class='av_textblock_section av-m4b37112-a08e96581a41d5a24fd2d3087c0dc4d8 '   itemscope=\"itemscope\" itemtype=\"https:\/\/schema.org\/CreativeWork\" ><div class='avia_textblock'  itemprop=\"text\" ><p><img loading=\"lazy\" decoding=\"async\" class=\"alignnone size-full wp-image-304\" src=\"https:\/\/www.saaregaas.ee\/wp-content\/uploads\/2024\/12\/plastik-10kg.gif\" alt=\"\" width=\"90\" height=\"265\" \/><\/p>\n<p>Balloon: 24L\/10KG plastik<br \/>\nK\u00f5rgus: 580mm<br \/>\nDiameeter: 300mm<br \/>\nGaasi kaal: 10kg<br \/>\n\u00dchendus: kiir\u00fchendus<\/p>\n<\/div><\/section><\/div>\n\n<style type=\"text\/css\" data-created_by=\"avia_inline_auto\" id=\"style-css-av-2fl9-eb512c925ef82616d259cdfe19efb288\">\n.flex_column.av-2fl9-eb512c925ef82616d259cdfe19efb288{\nborder-radius:0px 0px 0px 0px;\npadding:0px 0px 0px 0px;\n}\n<\/style>\n<div  class='flex_column av-2fl9-eb512c925ef82616d259cdfe19efb288 av_one_fifth  avia-builder-el-14  el_after_av_one_fifth  avia-builder-el-last  flex_column_div av-zero-column-padding  column-top-margin'     ><section  class='av_textblock_section av-m4b37m5b-31c1ac2a2efcce5b59602a9da72c4ab9 '   itemscope=\"itemscope\" itemtype=\"https:\/\/schema.org\/CreativeWork\" ><div class='avia_textblock'  itemprop=\"text\" ><p><img loading=\"lazy\" decoding=\"async\" class=\"alignnone size-full wp-image-303\" src=\"https:\/\/www.saaregaas.ee\/wp-content\/uploads\/2024\/12\/plastik-5kg.gif\" alt=\"\" width=\"90\" height=\"265\" \/><\/p>\n<p>Balloon: 12L\/5KG plastik<br \/>\nK\u00f5rgus: 580mm<br \/>\nDiameeter: 300mm<br \/>\nGaasi kaal: 5kg<br \/>\n\u00dchendus: kiir\u00fchendus<\/p>\n<\/div><\/section><\/div>\n","protected":false},"excerpt":{"rendered":"","protected":false},"author":1,"featured_media":0,"parent":0,"menu_order":0,"comment_status":"closed","ping_status":"closed","template":"","meta":{"footnotes":""},"class_list":["post-7","page","type-page","status-publish","hentry"],"_links":{"self":[{"href":"https:\/\/www.saaregaas.ee\/index.php?rest_route=\/wp\/v2\/pages\/7","targetHints":{"allow":["GET"]}}],"collection":[{"href":"https:\/\/www.saaregaas.ee\/index.php?rest_route=\/wp\/v2\/pages"}],"about":[{"href":"https:\/\/www.saaregaas.ee\/index.php?rest_route=\/wp\/v2\/types\/page"}],"author":[{"embeddable":true,"href":"https:\/\/www.saaregaas.ee\/index.php?rest_route=\/wp\/v2\/users\/1"}],"replies":[{"embeddable":true,"href":"https:\/\/www.saaregaas.ee\/index.php?rest_route=%2Fwp%2Fv2%2Fcomments&post=7"}],"version-history":[{"count":5,"href":"https:\/\/www.saaregaas.ee\/index.php?rest_route=\/wp\/v2\/pages\/7\/revisions"}],"predecessor-version":[{"id":318,"href":"https:\/\/www.saaregaas.ee\/index.php?rest_route=\/wp\/v2\/pages\/7\/revisions\/318"}],"wp:attachment":[{"href":"https:\/\/www.saaregaas.ee\/index.php?rest_route=%2Fwp%2Fv2%2Fmedia&parent=7"}],"curies":[{"name":"wp","href":"https:\/\/api.w.org\/{rel}","templated":true}]}}