{"id":78,"date":"2019-09-06T08:41:25","date_gmt":"2019-09-06T08:41:25","guid":{"rendered":"https:\/\/www.saaregaas.ee\/?page_id=78"},"modified":"2024-12-05T09:43:28","modified_gmt":"2024-12-05T09:43:28","slug":"toostuslik","status":"publish","type":"page","link":"https:\/\/www.saaregaas.ee\/?page_id=78","title":{"rendered":"T\u00f6\u00f6stuslikud ja toiduainegaasid"},"content":{"rendered":"<div  class='flex_column av-12gs6-34313a8dda0cd4cc2ef0322dd7c99368 av_one_full  avia-builder-el-0  avia-builder-el-no-sibling  first flex_column_div  '     ><section  class='av_textblock_section av-m4b40s45-ec2991e0c9872cc630c0a4078958957c '   itemscope=\"itemscope\" itemtype=\"https:\/\/schema.org\/CreativeWork\" ><div class='avia_textblock'  itemprop=\"text\" ><p><img loading=\"lazy\" decoding=\"async\" class=\"alignnone size-medium wp-image-325\" src=\"https:\/\/www.saaregaas.ee\/wp-content\/uploads\/2024\/12\/elme-logo-300x41.png\" alt=\"\" width=\"300\" height=\"41\" srcset=\"https:\/\/www.saaregaas.ee\/wp-content\/uploads\/2024\/12\/elme-logo-300x41.png 300w, https:\/\/www.saaregaas.ee\/wp-content\/uploads\/2024\/12\/elme-logo-768x104.png 768w, https:\/\/www.saaregaas.ee\/wp-content\/uploads\/2024\/12\/elme-logo-705x96.png 705w, https:\/\/www.saaregaas.ee\/wp-content\/uploads\/2024\/12\/elme-logo.png 1015w\" sizes=\"auto, (max-width: 300px) 100vw, 300px\" \/><\/p>\n<p>Saare Gaas O\u00dc on Elme Messer Gaasid AS esindaja Saaremaal.<\/p>\n<p>Meie tootevalikust leiate j\u00e4rgmised tooted:<\/p>\n\n<table id=\"tablepress-1\" class=\"tablepress tablepress-id-1\">\n<thead>\n<tr class=\"row-1\">\n\t<th class=\"column-1\">Nimetus<\/th><th class=\"column-2\">50L balloon<\/th><th class=\"column-3\">20L balloon<\/th><th class=\"column-4\">10L balloon<\/th><th class=\"column-5\">8L balloon<\/th>\n<\/tr>\n<\/thead>\n<tbody class=\"row-striping row-hover\">\n<tr class=\"row-2\">\n\t<td class=\"column-1\">Hapnik<\/td><td class=\"column-2\">x<\/td><td class=\"column-3\">x<\/td><td class=\"column-4\">x<\/td><td class=\"column-5\"><\/td>\n<\/tr>\n<tr class=\"row-3\">\n\t<td class=\"column-1\">Atset\u00fcleen<\/td><td class=\"column-2\"><\/td><td class=\"column-3\">x<\/td><td class=\"column-4\">x<\/td><td class=\"column-5\"><\/td>\n<\/tr>\n<tr class=\"row-4\">\n\t<td class=\"column-1\">L\u00e4mmastik<\/td><td class=\"column-2\"><\/td><td class=\"column-3\">x<\/td><td class=\"column-4\"><\/td><td class=\"column-5\"><\/td>\n<\/tr>\n<tr class=\"row-5\">\n\t<td class=\"column-1\">L\u00e4mmastik, toidu<\/td><td class=\"column-2\">x<\/td><td class=\"column-3\"><\/td><td class=\"column-4\"><\/td><td class=\"column-5\"><\/td>\n<\/tr>\n<tr class=\"row-6\">\n\t<td class=\"column-1\">S\u00fcsihappegaas<\/td><td class=\"column-2\">x<\/td><td class=\"column-3\">x<\/td><td class=\"column-4\">x<\/td><td class=\"column-5\">x<\/td>\n<\/tr>\n<tr class=\"row-7\">\n\t<td class=\"column-1\">S\u00fcsihappegaas, toidu<\/td><td class=\"column-2\">x(40L)<\/td><td class=\"column-3\"><\/td><td class=\"column-4\">x(13L)<\/td><td class=\"column-5\"><\/td>\n<\/tr>\n<tr class=\"row-8\">\n\t<td class=\"column-1\">S\u00fcsihappegaas, toidu, IN<\/td><td class=\"column-2\"><\/td><td class=\"column-3\"><\/td><td class=\"column-4\">x(13L)<\/td><td class=\"column-5\"><\/td>\n<\/tr>\n<tr class=\"row-9\">\n\t<td class=\"column-1\">Argoon<\/td><td class=\"column-2\">x<\/td><td class=\"column-3\">x<\/td><td class=\"column-4\">x<\/td><td class=\"column-5\">x<\/td>\n<\/tr>\n<tr class=\"row-10\">\n\t<td class=\"column-1\">Keevitussegu<\/td><td class=\"column-2\">x<\/td><td class=\"column-3\">x<\/td><td class=\"column-4\">x<\/td><td class=\"column-5\">x<\/td>\n<\/tr>\n<tr class=\"row-11\">\n\t<td class=\"column-1\">Heelium<\/td><td class=\"column-2\">x<\/td><td class=\"column-3\">x<\/td><td class=\"column-4\">x<\/td><td class=\"column-5\">x(5L)<\/td>\n<\/tr>\n<\/tbody>\n<\/table>\n<!-- #tablepress-1 from cache -->\n<p>Kogu tootevalikuga saate tutvuda <a href=\"http:\/\/www.gasbox.ee\">gasbox.ee<\/a> lehel. Antud lehel on k\u00e4ttesaadavad ka k\u00f5ikide gaaside ohutuskaardid. Me m\u00fc\u00fcme Elme Messer Gaasid AS tooteid Saare Gaasis kehtiva hinnakirja alusel.<\/p>\n<\/div><\/section><\/div>\n","protected":false},"excerpt":{"rendered":"","protected":false},"author":1,"featured_media":0,"parent":0,"menu_order":0,"comment_status":"closed","ping_status":"closed","template":"","meta":{"footnotes":""},"class_list":["post-78","page","type-page","status-publish","hentry"],"_links":{"self":[{"href":"https:\/\/www.saaregaas.ee\/index.php?rest_route=\/wp\/v2\/pages\/78","targetHints":{"allow":["GET"]}}],"collection":[{"href":"https:\/\/www.saaregaas.ee\/index.php?rest_route=\/wp\/v2\/pages"}],"about":[{"href":"https:\/\/www.saaregaas.ee\/index.php?rest_route=\/wp\/v2\/types\/page"}],"author":[{"embeddable":true,"href":"https:\/\/www.saaregaas.ee\/index.php?rest_route=\/wp\/v2\/users\/1"}],"replies":[{"embeddable":true,"href":"https:\/\/www.saaregaas.ee\/index.php?rest_route=%2Fwp%2Fv2%2Fcomments&post=78"}],"version-history":[{"count":5,"href":"https:\/\/www.saaregaas.ee\/index.php?rest_route=\/wp\/v2\/pages\/78\/revisions"}],"predecessor-version":[{"id":326,"href":"https:\/\/www.saaregaas.ee\/index.php?rest_route=\/wp\/v2\/pages\/78\/revisions\/326"}],"wp:attachment":[{"href":"https:\/\/www.saaregaas.ee\/index.php?rest_route=%2Fwp%2Fv2%2Fmedia&parent=78"}],"curies":[{"name":"wp","href":"https:\/\/api.w.org\/{rel}","templated":true}]}}